{"id":17,"date":"2024-03-28T18:11:45","date_gmt":"2024-03-28T21:11:45","guid":{"rendered":"https:\/\/cleiversouza.tech\/?page_id=17"},"modified":"2024-03-30T21:52:33","modified_gmt":"2024-03-31T00:52:33","slug":"sobre","status":"publish","type":"page","link":"https:\/\/cleiversouza.tech\/index.php\/sobre\/","title":{"rendered":"SOBRE"},"content":{"rendered":"\n<h2 class=\"wp-block-heading\">Cleiver Souza<\/h2>\n\n\n\n<p>Com uma trajet\u00f3ria de 17 anos dedicados \u00e0 Tecnologia da Informa\u00e7\u00e3o, consolido uma s\u00f3lida expertise em Consultoria de TI, Cyber Security e Cloud. Sou um profissional apaixonado pelo desafio de proteger e otimizar sistemas, formado em Tecnologia de Redes de Computadores e P\u00f3s-Graduado em Gest\u00e3o de Seguran\u00e7a da Informa\u00e7\u00e3o.<\/p>\n\n\n\n<p>Tenho tido o privil\u00e9gio de contribuir em empresas de pequena a grande porte, onde desempenhei pap\u00e9is cruciais em \u00e1reas vitais como Seguran\u00e7a da Informa\u00e7\u00e3o, Redes e Cloud Computing. Meu dom\u00ednio abrangente inclui desde a implementa\u00e7\u00e3o at\u00e9 o gerenciamento e resolu\u00e7\u00e3o de problemas em sistemas de Seguran\u00e7a da Informa\u00e7\u00e3o e servi\u00e7os de redes.<\/p>\n\n\n\n<p>Ao longo da minha jornada, al\u00e9m da experi\u00eancia em diversas \u00e1reas de TI, conquistei algumas certifica\u00e7\u00f5es como:<\/p>\n\n\n\n<ul>\n<li>AWS Certified Solutions Architect \u2013 Associate<\/li>\n\n\n\n<li>AWS Certified Cloud Practitioner<\/li>\n\n\n\n<li>Microsoft Certified: Azure Administrator Associate<\/li>\n\n\n\n<li>AZ-303: Microsoft Azure Architect Technologies<\/li>\n\n\n\n<li>AZ-304 Microsoft Azure Architect Design<\/li>\n\n\n\n<li>Certified Network Security Specialist (CNSS)<\/li>\n\n\n\n<li>Fortinet&#8217;s Network Security Expert (NSE1)<\/li>\n\n\n\n<li>Fortinet&#8217;s Network Security Expert (NSE2)<\/li>\n\n\n\n<li>Cisco Certified Network Professional (CCNP)<\/li>\n\n\n\n<li>Implementing Cisco Network Security (CCNA)<\/li>\n\n\n\n<li>Implementing Cisco Network Security (CCNA)<\/li>\n\n\n\n<li>Microsoft Certified Solutions Associate Server 2012 (MCSA)<\/li>\n\n\n\n<li>Microsoft Windows Server 2008 Enterprise Administrator (MCSE)<\/li>\n\n\n\n<li>Certified Linux Professional (LPI1)<\/li>\n\n\n\n<li>Symantec Endpoint Protetion 12.1 STS<\/li>\n\n\n\n<li>VCP 5 &#8211; VMware Certified Professional on vSphere 5<\/li>\n<\/ul>\n\n\n\n<p>Essas certifica\u00e7\u00f5es e experi\u00eancias representam n\u00e3o apenas marcos em minha carreira, mas tamb\u00e9m o compromisso cont\u00ednuo com a excel\u00eancia e o aprimoramento constante. Estou grato e muito feliz por compartilhar esse conjunto habilidades e conhecimentos com a comunidade atrav\u00e9s deste blog.<\/p>\n\n\n\n<h2 class=\"wp-block-heading\">M\u00eddias Sociais<\/h2>\n\n\n\n<p><strong>Linkedin<\/strong>&nbsp;&#8211; <a href=\"https:\/\/www.linkedin.com\/in\/cleiversouza\/\" target=\"_blank\" rel=\"noopener\" title=\"\">https:\/\/www.linkedin.com\/in\/cleiversouza\/<\/a><\/p>\n\n\n\n<p><strong>Instagram <\/strong>&#8211; <a href=\"https:\/\/www.instagram.com\/cleiversouza.tech\/\" target=\"_blank\" rel=\"noopener\" title=\"\">https:\/\/www.instagram.com\/cleiversouza.tech\/<\/a><\/p>\n<div class=\"cleiv-depois-do-conteudo\" style=\"margin-bottom: 1px; \" id=\"cleiv-1088871572\"><script async src=\"\/\/pagead2.googlesyndication.com\/pagead\/js\/adsbygoogle.js?client=ca-pub-6867149460605391\" crossorigin=\"anonymous\"><\/script><ins class=\"adsbygoogle\" style=\"display:inline-block;width:0px;height:0px;\" \ndata-ad-client=\"ca-pub-6867149460605391\" \ndata-ad-slot=\"6798117061\"><\/ins> \n<script> \n(adsbygoogle = window.adsbygoogle || []).push({}); \n<\/script>\n<\/div>","protected":false},"excerpt":{"rendered":"<p>Cleiver Souza Com uma trajet\u00f3ria de 17 anos dedicados \u00e0 Tecnologia da Informa\u00e7\u00e3o, consolido uma&#8230;<\/p>\n","protected":false},"author":1,"featured_media":160,"parent":0,"menu_order":0,"comment_status":"closed","ping_status":"closed","template":"","meta":{"_monsterinsights_skip_tracking":false,"_monsterinsights_sitenote_active":false,"_monsterinsights_sitenote_note":"","_monsterinsights_sitenote_category":0,"_uf_show_specific_survey":0,"_uf_disable_surveys":false,"footnotes":""},"aioseo_notices":[],"_links":{"self":[{"href":"https:\/\/cleiversouza.tech\/index.php\/wp-json\/wp\/v2\/pages\/17"}],"collection":[{"href":"https:\/\/cleiversouza.tech\/index.php\/wp-json\/wp\/v2\/pages"}],"about":[{"href":"https:\/\/cleiversouza.tech\/index.php\/wp-json\/wp\/v2\/types\/page"}],"author":[{"embeddable":true,"href":"https:\/\/cleiversouza.tech\/index.php\/wp-json\/wp\/v2\/users\/1"}],"replies":[{"embeddable":true,"href":"https:\/\/cleiversouza.tech\/index.php\/wp-json\/wp\/v2\/comments?post=17"}],"version-history":[{"count":10,"href":"https:\/\/cleiversouza.tech\/index.php\/wp-json\/wp\/v2\/pages\/17\/revisions"}],"predecessor-version":[{"id":202,"href":"https:\/\/cleiversouza.tech\/index.php\/wp-json\/wp\/v2\/pages\/17\/revisions\/202"}],"wp:featuredmedia":[{"embeddable":true,"href":"https:\/\/cleiversouza.tech\/index.php\/wp-json\/wp\/v2\/media\/160"}],"wp:attachment":[{"href":"https:\/\/cleiversouza.tech\/index.php\/wp-json\/wp\/v2\/media?parent=17"}],"curies":[{"name":"wp","href":"https:\/\/api.w.org\/{rel}","templated":true}]}}